{"id":82,"date":"2025-08-23T14:49:24","date_gmt":"2025-08-23T12:49:24","guid":{"rendered":"https:\/\/unex.global\/?page_id=82"},"modified":"2025-08-30T06:43:38","modified_gmt":"2025-08-30T04:43:38","slug":"webdesktop","status":"publish","type":"page","link":"https:\/\/unex.global\/es\/webdesktop\/","title":{"rendered":"Eleve su negocio con aplicaciones web y de escritorio .NET personalizadas"},"content":{"rendered":"\n<p>En un mundo lleno de software gen\u00e9rico, una soluci\u00f3n a medida puede ser la clave para liberar todo el potencial de su negocio. En <strong>UnEx<\/strong>, nos especializamos en la creaci\u00f3n de potentes aplicaciones web y de escritorio personalizadas utilizando el robusto y vers\u00e1til framework .NET.<\/p>\n\n\n\n<p>Ya sea que necesite un portal web escalable para agilizar las operaciones o una aplicaci\u00f3n de escritorio de alto rendimiento para uso interno, nuestro equipo crea soluciones que se adaptan a su negocio como un guante. Aprovechamos el poder de .NET para garantizar que su aplicaci\u00f3n sea segura, confiable y se integre perfectamente con sus sistemas existentes.<\/p>\n\n\n\n<h3 class=\"wp-block-heading\"><strong><strong>\u00bfPor qu\u00e9 elegir una aplicaci\u00f3n .NET personalizada?<\/strong><\/strong><\/h3>\n\n\n\n<ul class=\"wp-block-list\">\n<li><strong>Integraci\u00f3n perfecta:<\/strong> Las aplicaciones .NET se integran a la perfecci\u00f3n con otros productos y servicios de Microsoft, creando un ecosistema unificado y eficiente.<\/li>\n\n\n\n<li><strong>Escalabilidad y rendimiento:<\/strong> Creadas para manejar el crecimiento, nuestras aplicaciones pueden expandirse con su negocio, manteniendo la velocidad y el rendimiento incluso a medida que su base de usuarios y datos crecen.<\/li>\n\n\n\n<li><strong>Seguridad mejorada:<\/strong> El framework .NET incluye caracter\u00edsticas de seguridad integradas que protegen sus datos y le dan tranquilidad.<\/li>\n\n\n\n<li><strong>Funcionalidad personalizada:<\/strong> Desarrollamos caracter\u00edsticas y flujos de trabajo que son \u00fanicos para su negocio, automatizando procesos y resolviendo problemas que el software listo para usar no puede.<\/li>\n<\/ul>\n\n\n\n<p>\u00bfListo para construir una soluci\u00f3n que funcione exclusivamente para usted? <strong>Cont\u00e1ctenos hoy para discutir su proyecto.<\/strong><\/p>\n\n\n\n<p><\/p>\n","protected":false},"excerpt":{"rendered":"<p>En un mundo lleno de software gen\u00e9rico, una soluci\u00f3n a medida puede ser la clave para liberar todo el potencial de su negocio. En UnEx, nos especializamos en la creaci\u00f3n de potentes aplicaciones web y de escritorio personalizadas utilizando el robusto y vers\u00e1til framework .NET. Ya sea que necesite un portal web escalable para agilizar &hellip; <\/p>\n<p class=\"link-more\"><a href=\"https:\/\/unex.global\/es\/webdesktop\/\" class=\"more-link\">Continuar leyendo<span class=\"screen-reader-text\"> \u00abEleve su negocio con aplicaciones web y de escritorio .NET personalizadas\u00bb<\/span><\/a><\/p>\n","protected":false},"author":1,"featured_media":114,"parent":0,"menu_order":0,"comment_status":"closed","ping_status":"closed","template":"","meta":{"_monsterinsights_skip_tracking":false,"_monsterinsights_sitenote_active":false,"_monsterinsights_sitenote_note":"","_monsterinsights_sitenote_category":0,"footnotes":""},"class_list":["post-82","page","type-page","status-publish","has-post-thumbnail","hentry"],"yoast_head":"<!-- This site is optimized with the Yoast SEO plugin v25.8 - https:\/\/yoast.com\/wordpress\/plugins\/seo\/ -->\n<title>Eleve su negocio con aplicaciones web y de escritorio .NET personalizadas<\/title>\n<meta name=\"robots\" content=\"index, follow, max-snippet:-1, max-image-preview:large, max-video-preview:-1\" \/>\n<link rel=\"canonical\" href=\"https:\/\/unex.global\/es\/webdesktop\/\" \/>\n<meta property=\"og:locale\" content=\"es_ES\" \/>\n<meta property=\"og:locale:alternate\" content=\"en_US\" \/>\n<meta property=\"og:locale:alternate\" content=\"de_DE\" \/>\n<meta property=\"og:type\" content=\"article\" \/>\n<meta property=\"og:title\" content=\"Eleve su negocio con aplicaciones web y de escritorio .NET personalizadas\" \/>\n<meta property=\"og:description\" content=\"En un mundo lleno de software gen\u00e9rico, una soluci\u00f3n a medida puede ser la clave para liberar todo el potencial de su negocio. En UnEx, nos especializamos en la creaci\u00f3n de potentes aplicaciones web y de escritorio personalizadas utilizando el robusto y vers\u00e1til framework .NET. Ya sea que necesite un portal web escalable para agilizar &hellip; Continuar leyendo &quot;Eleve su negocio con aplicaciones web y de escritorio .NET personalizadas&quot;\" \/>\n<meta property=\"og:url\" content=\"https:\/\/unex.global\/es\/webdesktop\/\" \/>\n<meta property=\"og:site_name\" content=\"UnEx.global\" \/>\n<meta property=\"article:modified_time\" content=\"2025-08-30T04:43:38+00:00\" \/>\n<meta property=\"og:image\" content=\"https:\/\/unex.global\/wp-content\/uploads\/2025\/08\/WordPressUnexWebDesktop.png\" \/>\n\t<meta property=\"og:image:width\" content=\"2000\" \/>\n\t<meta property=\"og:image:height\" content=\"1200\" \/>\n\t<meta property=\"og:image:type\" content=\"image\/png\" \/>\n<meta name=\"twitter:card\" content=\"summary_large_image\" \/>\n<meta name=\"twitter:label1\" content=\"Tiempo de lectura\" \/>\n\t<meta name=\"twitter:data1\" content=\"2 minutos\" \/>\n<script type=\"application\/ld+json\" class=\"yoast-schema-graph\">{\"@context\":\"https:\/\/schema.org\",\"@graph\":[{\"@type\":\"WebPage\",\"@id\":\"https:\/\/unex.global\/de\/webdesktop\/\",\"url\":\"https:\/\/unex.global\/de\/webdesktop\/\",\"name\":\"Eleve su negocio con aplicaciones web y de escritorio .NET personalizadas\",\"isPartOf\":{\"@id\":\"https:\/\/unex.global\/#website\"},\"primaryImageOfPage\":{\"@id\":\"https:\/\/unex.global\/de\/webdesktop\/#primaryimage\"},\"image\":{\"@id\":\"https:\/\/unex.global\/de\/webdesktop\/#primaryimage\"},\"thumbnailUrl\":\"https:\/\/unex.global\/wp-content\/uploads\/2025\/08\/WordPressUnexWebDesktop.png\",\"datePublished\":\"2025-08-23T12:49:24+00:00\",\"dateModified\":\"2025-08-30T04:43:38+00:00\",\"breadcrumb\":{\"@id\":\"https:\/\/unex.global\/de\/webdesktop\/#breadcrumb\"},\"inLanguage\":\"es-ES\",\"potentialAction\":[{\"@type\":\"ReadAction\",\"target\":[\"https:\/\/unex.global\/de\/webdesktop\/\"]}]},{\"@type\":\"ImageObject\",\"inLanguage\":\"es-ES\",\"@id\":\"https:\/\/unex.global\/de\/webdesktop\/#primaryimage\",\"url\":\"https:\/\/unex.global\/wp-content\/uploads\/2025\/08\/WordPressUnexWebDesktop.png\",\"contentUrl\":\"https:\/\/unex.global\/wp-content\/uploads\/2025\/08\/WordPressUnexWebDesktop.png\",\"width\":2000,\"height\":1200},{\"@type\":\"BreadcrumbList\",\"@id\":\"https:\/\/unex.global\/de\/webdesktop\/#breadcrumb\",\"itemListElement\":[{\"@type\":\"ListItem\",\"position\":1,\"name\":\"Home\",\"item\":\"https:\/\/unex.global\/de\/\"},{\"@type\":\"ListItem\",\"position\":2,\"name\":\"Verbessern Sie Ihr Gesch\u00e4ft mit benutzerdefinierten .NET Web- und Desktop-Anwendungen\"}]},{\"@type\":\"WebSite\",\"@id\":\"https:\/\/unex.global\/#website\",\"url\":\"https:\/\/unex.global\/\",\"name\":\"UnEx.global\",\"description\":\"\",\"potentialAction\":[{\"@type\":\"SearchAction\",\"target\":{\"@type\":\"EntryPoint\",\"urlTemplate\":\"https:\/\/unex.global\/?s={search_term_string}\"},\"query-input\":{\"@type\":\"PropertyValueSpecification\",\"valueRequired\":true,\"valueName\":\"search_term_string\"}}],\"inLanguage\":\"es-ES\"}]}<\/script>\n<!-- \/ Yoast SEO plugin. -->","yoast_head_json":{"title":"Eleve su negocio con aplicaciones web y de escritorio .NET personalizadas","robots":{"index":"index","follow":"follow","max-snippet":"max-snippet:-1","max-image-preview":"max-image-preview:large","max-video-preview":"max-video-preview:-1"},"canonical":"https:\/\/unex.global\/es\/webdesktop\/","og_locale":"es_ES","og_type":"article","og_title":"[:en]Elevate Your Business with Custom .NET Web & Desktop Applications[:es]Eleve su negocio con aplicaciones web y de escritorio .NET personalizadas[:de]Verbessern Sie Ihr Gesch\u00e4ft mit benutzerdefinierten .NET Web- und Desktop-Anwendungen[:] - UnEx.global","og_description":"En un mundo lleno de software gen\u00e9rico, una soluci\u00f3n a medida puede ser la clave para liberar todo el potencial de su negocio. En UnEx, nos especializamos en la creaci\u00f3n de potentes aplicaciones web y de escritorio personalizadas utilizando el robusto y vers\u00e1til framework .NET. Ya sea que necesite un portal web escalable para agilizar &hellip; Continuar leyendo \"Eleve su negocio con aplicaciones web y de escritorio .NET personalizadas\"","og_url":"https:\/\/unex.global\/es\/webdesktop\/","og_site_name":"UnEx.global","article_modified_time":"2025-08-30T04:43:38+00:00","og_image":[{"width":2000,"height":1200,"url":"https:\/\/unex.global\/wp-content\/uploads\/2025\/08\/WordPressUnexWebDesktop.png","type":"image\/png"}],"twitter_card":"summary_large_image","twitter_misc":{"Tiempo de lectura":"2 minutos"},"schema":{"@context":"https:\/\/schema.org","@graph":[{"@type":"WebPage","@id":"https:\/\/unex.global\/de\/webdesktop\/","url":"https:\/\/unex.global\/de\/webdesktop\/","name":"Eleve su negocio con aplicaciones web y de escritorio .NET personalizadas","isPartOf":{"@id":"https:\/\/unex.global\/#website"},"primaryImageOfPage":{"@id":"https:\/\/unex.global\/de\/webdesktop\/#primaryimage"},"image":{"@id":"https:\/\/unex.global\/de\/webdesktop\/#primaryimage"},"thumbnailUrl":"https:\/\/unex.global\/wp-content\/uploads\/2025\/08\/WordPressUnexWebDesktop.png","datePublished":"2025-08-23T12:49:24+00:00","dateModified":"2025-08-30T04:43:38+00:00","breadcrumb":{"@id":"https:\/\/unex.global\/de\/webdesktop\/#breadcrumb"},"inLanguage":"es-ES","potentialAction":[{"@type":"ReadAction","target":["https:\/\/unex.global\/de\/webdesktop\/"]}]},{"@type":"ImageObject","inLanguage":"es-ES","@id":"https:\/\/unex.global\/de\/webdesktop\/#primaryimage","url":"https:\/\/unex.global\/wp-content\/uploads\/2025\/08\/WordPressUnexWebDesktop.png","contentUrl":"https:\/\/unex.global\/wp-content\/uploads\/2025\/08\/WordPressUnexWebDesktop.png","width":2000,"height":1200},{"@type":"BreadcrumbList","@id":"https:\/\/unex.global\/de\/webdesktop\/#breadcrumb","itemListElement":[{"@type":"ListItem","position":1,"name":"Home","item":"https:\/\/unex.global\/de\/"},{"@type":"ListItem","position":2,"name":"Verbessern Sie Ihr Gesch\u00e4ft mit benutzerdefinierten .NET Web- und Desktop-Anwendungen"}]},{"@type":"WebSite","@id":"https:\/\/unex.global\/#website","url":"https:\/\/unex.global\/","name":"UnEx.global","description":"","potentialAction":[{"@type":"SearchAction","target":{"@type":"EntryPoint","urlTemplate":"https:\/\/unex.global\/?s={search_term_string}"},"query-input":{"@type":"PropertyValueSpecification","valueRequired":true,"valueName":"search_term_string"}}],"inLanguage":"es-ES"}]}},"_links":{"self":[{"href":"https:\/\/unex.global\/es\/wp-json\/wp\/v2\/pages\/82","targetHints":{"allow":["GET"]}}],"collection":[{"href":"https:\/\/unex.global\/es\/wp-json\/wp\/v2\/pages"}],"about":[{"href":"https:\/\/unex.global\/es\/wp-json\/wp\/v2\/types\/page"}],"author":[{"embeddable":true,"href":"https:\/\/unex.global\/es\/wp-json\/wp\/v2\/users\/1"}],"replies":[{"embeddable":true,"href":"https:\/\/unex.global\/es\/wp-json\/wp\/v2\/comments?post=82"}],"version-history":[{"count":6,"href":"https:\/\/unex.global\/es\/wp-json\/wp\/v2\/pages\/82\/revisions"}],"predecessor-version":[{"id":139,"href":"https:\/\/unex.global\/es\/wp-json\/wp\/v2\/pages\/82\/revisions\/139"}],"wp:featuredmedia":[{"embeddable":true,"href":"https:\/\/unex.global\/es\/wp-json\/wp\/v2\/media\/114"}],"wp:attachment":[{"href":"https:\/\/unex.global\/es\/wp-json\/wp\/v2\/media?parent=82"}],"curies":[{"name":"wp","href":"https:\/\/api.w.org\/{rel}","templated":true}]}}