{"id":101,"date":"2025-08-23T16:51:11","date_gmt":"2025-08-23T14:51:11","guid":{"rendered":"https:\/\/unex.global\/?page_id=101"},"modified":"2025-08-30T06:45:33","modified_gmt":"2025-08-30T04:45:33","slug":"3d","status":"publish","type":"page","link":"https:\/\/unex.global\/es\/3d\/","title":{"rendered":"Transforme sus ideas en mundos inmersivos"},"content":{"rendered":"\n<p>\u00bfEst\u00e1 listo para convertir un gran concepto en una experiencia inolvidable? En <strong>UnEx<\/strong>, nos especializamos en hacer realidad su visi\u00f3n. Somos un estudio de desarrollo de servicio completo dedicado a la <strong>creaci\u00f3n de juegos 2D, 3D y de realidad virtual personalizados<\/strong>, as\u00ed como a la producci\u00f3n de impresionantes<strong> modelos 3D y animaciones<\/strong>.<\/p>\n\n\n\n<p>Desde el concepto hasta el lanzamiento, construimos proyectos \u00fanicos y de alta calidad adaptados a sus necesidades exactas. Nuestro equipo de artistas y desarrolladores calificados trabaja en estrecha colaboraci\u00f3n con usted para crear un producto que no solo se vea incre\u00edble, sino que tambi\u00e9n ofrezca una experiencia poderosa y atractiva para su audiencia.<\/p>\n\n\n\n<h3 class=\"wp-block-heading\"><strong>Nuestros servicios<\/strong><\/h3>\n\n\n\n<ul class=\"wp-block-list\">\n<li><strong>Desarrollo de juegos personalizados:<\/strong> Creamos juegos atractivos y de alto rendimiento para una variedad de plataformas, construidos desde cero para cumplir con sus objetivos espec\u00edficos.<\/li>\n\n\n\n<li><strong>Modelado y animaci\u00f3n 3D:<\/strong> Nuestros artistas crean personajes realistas, entornos detallados y animaciones din\u00e1micas que a\u00f1aden profundidad y realismo a cualquier proyecto.<\/li>\n\n\n\n<li><strong>Experiencias de realidad virtual:<\/strong> Ad\u00e9ntrese en el futuro con aplicaciones y juegos de realidad virtual personalizados dise\u00f1ados para cautivar y sumergir a sus usuarios.<\/li>\n<\/ul>\n\n\n\n<p>\u00bfListo para construir algo verdaderamente extraordinario? <strong>Perm\u00edtanos discutir su proyecto y hacer realidad su visi\u00f3n.<\/strong><\/p>\n","protected":false},"excerpt":{"rendered":"<p>\u00bfEst\u00e1 listo para convertir un gran concepto en una experiencia inolvidable? En UnEx, nos especializamos en hacer realidad su visi\u00f3n. Somos un estudio de desarrollo de servicio completo dedicado a la creaci\u00f3n de juegos 2D, 3D y de realidad virtual personalizados, as\u00ed como a la producci\u00f3n de impresionantes modelos 3D y animaciones. Desde el concepto &hellip; <\/p>\n<p class=\"link-more\"><a href=\"https:\/\/unex.global\/es\/3d\/\" class=\"more-link\">Continuar leyendo<span class=\"screen-reader-text\"> \u00abTransforme sus ideas en mundos inmersivos\u00bb<\/span><\/a><\/p>\n","protected":false},"author":1,"featured_media":111,"parent":0,"menu_order":0,"comment_status":"closed","ping_status":"closed","template":"","meta":{"_monsterinsights_skip_tracking":false,"_monsterinsights_sitenote_active":false,"_monsterinsights_sitenote_note":"","_monsterinsights_sitenote_category":0,"footnotes":""},"class_list":["post-101","page","type-page","status-publish","has-post-thumbnail","hentry"],"yoast_head":"<!-- This site is optimized with the Yoast SEO plugin v25.8 - https:\/\/yoast.com\/wordpress\/plugins\/seo\/ -->\n<title>Transforme sus ideas en mundos inmersivos<\/title>\n<meta name=\"robots\" content=\"index, follow, max-snippet:-1, max-image-preview:large, max-video-preview:-1\" \/>\n<link rel=\"canonical\" href=\"https:\/\/unex.global\/es\/3d\/\" \/>\n<meta property=\"og:locale\" content=\"es_ES\" \/>\n<meta property=\"og:locale:alternate\" content=\"en_US\" \/>\n<meta property=\"og:locale:alternate\" content=\"de_DE\" \/>\n<meta property=\"og:type\" content=\"article\" \/>\n<meta property=\"og:title\" content=\"Transforme sus ideas en mundos inmersivos\" \/>\n<meta property=\"og:description\" content=\"\u00bfEst\u00e1 listo para convertir un gran concepto en una experiencia inolvidable? En UnEx, nos especializamos en hacer realidad su visi\u00f3n. Somos un estudio de desarrollo de servicio completo dedicado a la creaci\u00f3n de juegos 2D, 3D y de realidad virtual personalizados, as\u00ed como a la producci\u00f3n de impresionantes modelos 3D y animaciones. Desde el concepto &hellip; Continuar leyendo &quot;Transforme sus ideas en mundos inmersivos&quot;\" \/>\n<meta property=\"og:url\" content=\"https:\/\/unex.global\/es\/3d\/\" \/>\n<meta property=\"og:site_name\" content=\"UnEx.global\" \/>\n<meta property=\"article:modified_time\" content=\"2025-08-30T04:45:33+00:00\" \/>\n<meta property=\"og:image\" content=\"https:\/\/unex.global\/wp-content\/uploads\/2025\/08\/WordPressUnex3D.png\" \/>\n\t<meta property=\"og:image:width\" content=\"2000\" \/>\n\t<meta property=\"og:image:height\" content=\"1200\" \/>\n\t<meta property=\"og:image:type\" content=\"image\/png\" \/>\n<meta name=\"twitter:card\" content=\"summary_large_image\" \/>\n<meta name=\"twitter:label1\" content=\"Tiempo de lectura\" \/>\n\t<meta name=\"twitter:data1\" content=\"2 minutos\" \/>\n<script type=\"application\/ld+json\" class=\"yoast-schema-graph\">{\"@context\":\"https:\/\/schema.org\",\"@graph\":[{\"@type\":\"WebPage\",\"@id\":\"https:\/\/unex.global\/de\/3d\/\",\"url\":\"https:\/\/unex.global\/de\/3d\/\",\"name\":\"Transforme sus ideas en mundos inmersivos\",\"isPartOf\":{\"@id\":\"https:\/\/unex.global\/#website\"},\"primaryImageOfPage\":{\"@id\":\"https:\/\/unex.global\/de\/3d\/#primaryimage\"},\"image\":{\"@id\":\"https:\/\/unex.global\/de\/3d\/#primaryimage\"},\"thumbnailUrl\":\"https:\/\/unex.global\/wp-content\/uploads\/2025\/08\/WordPressUnex3D.png\",\"datePublished\":\"2025-08-23T14:51:11+00:00\",\"dateModified\":\"2025-08-30T04:45:33+00:00\",\"breadcrumb\":{\"@id\":\"https:\/\/unex.global\/de\/3d\/#breadcrumb\"},\"inLanguage\":\"es-ES\",\"potentialAction\":[{\"@type\":\"ReadAction\",\"target\":[\"https:\/\/unex.global\/de\/3d\/\"]}]},{\"@type\":\"ImageObject\",\"inLanguage\":\"es-ES\",\"@id\":\"https:\/\/unex.global\/de\/3d\/#primaryimage\",\"url\":\"https:\/\/unex.global\/wp-content\/uploads\/2025\/08\/WordPressUnex3D.png\",\"contentUrl\":\"https:\/\/unex.global\/wp-content\/uploads\/2025\/08\/WordPressUnex3D.png\",\"width\":2000,\"height\":1200},{\"@type\":\"BreadcrumbList\",\"@id\":\"https:\/\/unex.global\/de\/3d\/#breadcrumb\",\"itemListElement\":[{\"@type\":\"ListItem\",\"position\":1,\"name\":\"Home\",\"item\":\"https:\/\/unex.global\/de\/\"},{\"@type\":\"ListItem\",\"position\":2,\"name\":\"Verwandeln Sie Ihre Ideen in immersive Welten\"}]},{\"@type\":\"WebSite\",\"@id\":\"https:\/\/unex.global\/#website\",\"url\":\"https:\/\/unex.global\/\",\"name\":\"UnEx.global\",\"description\":\"\",\"potentialAction\":[{\"@type\":\"SearchAction\",\"target\":{\"@type\":\"EntryPoint\",\"urlTemplate\":\"https:\/\/unex.global\/?s={search_term_string}\"},\"query-input\":{\"@type\":\"PropertyValueSpecification\",\"valueRequired\":true,\"valueName\":\"search_term_string\"}}],\"inLanguage\":\"es-ES\"}]}<\/script>\n<!-- \/ Yoast SEO plugin. -->","yoast_head_json":{"title":"Transforme sus ideas en mundos inmersivos","robots":{"index":"index","follow":"follow","max-snippet":"max-snippet:-1","max-image-preview":"max-image-preview:large","max-video-preview":"max-video-preview:-1"},"canonical":"https:\/\/unex.global\/es\/3d\/","og_locale":"es_ES","og_type":"article","og_title":"[:en]Transform Your Ideas into Immersive Worlds[:es]Transforme sus ideas en mundos inmersivos[:de]Verwandeln Sie Ihre Ideen in immersive Welten[:] - UnEx.global","og_description":"\u00bfEst\u00e1 listo para convertir un gran concepto en una experiencia inolvidable? En UnEx, nos especializamos en hacer realidad su visi\u00f3n. Somos un estudio de desarrollo de servicio completo dedicado a la creaci\u00f3n de juegos 2D, 3D y de realidad virtual personalizados, as\u00ed como a la producci\u00f3n de impresionantes modelos 3D y animaciones. Desde el concepto &hellip; Continuar leyendo \"Transforme sus ideas en mundos inmersivos\"","og_url":"https:\/\/unex.global\/es\/3d\/","og_site_name":"UnEx.global","article_modified_time":"2025-08-30T04:45:33+00:00","og_image":[{"width":2000,"height":1200,"url":"https:\/\/unex.global\/wp-content\/uploads\/2025\/08\/WordPressUnex3D.png","type":"image\/png"}],"twitter_card":"summary_large_image","twitter_misc":{"Tiempo de lectura":"2 minutos"},"schema":{"@context":"https:\/\/schema.org","@graph":[{"@type":"WebPage","@id":"https:\/\/unex.global\/de\/3d\/","url":"https:\/\/unex.global\/de\/3d\/","name":"Transforme sus ideas en mundos inmersivos","isPartOf":{"@id":"https:\/\/unex.global\/#website"},"primaryImageOfPage":{"@id":"https:\/\/unex.global\/de\/3d\/#primaryimage"},"image":{"@id":"https:\/\/unex.global\/de\/3d\/#primaryimage"},"thumbnailUrl":"https:\/\/unex.global\/wp-content\/uploads\/2025\/08\/WordPressUnex3D.png","datePublished":"2025-08-23T14:51:11+00:00","dateModified":"2025-08-30T04:45:33+00:00","breadcrumb":{"@id":"https:\/\/unex.global\/de\/3d\/#breadcrumb"},"inLanguage":"es-ES","potentialAction":[{"@type":"ReadAction","target":["https:\/\/unex.global\/de\/3d\/"]}]},{"@type":"ImageObject","inLanguage":"es-ES","@id":"https:\/\/unex.global\/de\/3d\/#primaryimage","url":"https:\/\/unex.global\/wp-content\/uploads\/2025\/08\/WordPressUnex3D.png","contentUrl":"https:\/\/unex.global\/wp-content\/uploads\/2025\/08\/WordPressUnex3D.png","width":2000,"height":1200},{"@type":"BreadcrumbList","@id":"https:\/\/unex.global\/de\/3d\/#breadcrumb","itemListElement":[{"@type":"ListItem","position":1,"name":"Home","item":"https:\/\/unex.global\/de\/"},{"@type":"ListItem","position":2,"name":"Verwandeln Sie Ihre Ideen in immersive Welten"}]},{"@type":"WebSite","@id":"https:\/\/unex.global\/#website","url":"https:\/\/unex.global\/","name":"UnEx.global","description":"","potentialAction":[{"@type":"SearchAction","target":{"@type":"EntryPoint","urlTemplate":"https:\/\/unex.global\/?s={search_term_string}"},"query-input":{"@type":"PropertyValueSpecification","valueRequired":true,"valueName":"search_term_string"}}],"inLanguage":"es-ES"}]}},"_links":{"self":[{"href":"https:\/\/unex.global\/es\/wp-json\/wp\/v2\/pages\/101","targetHints":{"allow":["GET"]}}],"collection":[{"href":"https:\/\/unex.global\/es\/wp-json\/wp\/v2\/pages"}],"about":[{"href":"https:\/\/unex.global\/es\/wp-json\/wp\/v2\/types\/page"}],"author":[{"embeddable":true,"href":"https:\/\/unex.global\/es\/wp-json\/wp\/v2\/users\/1"}],"replies":[{"embeddable":true,"href":"https:\/\/unex.global\/es\/wp-json\/wp\/v2\/comments?post=101"}],"version-history":[{"count":6,"href":"https:\/\/unex.global\/es\/wp-json\/wp\/v2\/pages\/101\/revisions"}],"predecessor-version":[{"id":145,"href":"https:\/\/unex.global\/es\/wp-json\/wp\/v2\/pages\/101\/revisions\/145"}],"wp:featuredmedia":[{"embeddable":true,"href":"https:\/\/unex.global\/es\/wp-json\/wp\/v2\/media\/111"}],"wp:attachment":[{"href":"https:\/\/unex.global\/es\/wp-json\/wp\/v2\/media?parent=101"}],"curies":[{"name":"wp","href":"https:\/\/api.w.org\/{rel}","templated":true}]}}