{"id":82,"date":"2025-08-23T14:49:24","date_gmt":"2025-08-23T12:49:24","guid":{"rendered":"https:\/\/unex.global\/?page_id=82"},"modified":"2025-08-30T06:43:38","modified_gmt":"2025-08-30T04:43:38","slug":"webdesktop","status":"publish","type":"page","link":"https:\/\/unex.global\/de\/webdesktop\/","title":{"rendered":"Verbessern Sie Ihr Gesch\u00e4ft mit benutzerdefinierten .NET Web- und Desktop-Anwendungen"},"content":{"rendered":"\n<p>In einer Welt voller generischer Software kann eine ma\u00dfgeschneiderte L\u00f6sung der Schl\u00fcssel sein, um das volle Potenzial Ihres Unternehmens auszusch\u00f6pfen. Bei <strong>UnEx <\/strong>sind wir darauf spezialisiert, leistungsstarke, ma\u00dfgeschneiderte Web- und Desktop-Anwendungen mit dem robusten und vielseitigen .NET-Framework zu erstellen.<\/p>\n\n\n\n<p>Egal, ob Sie ein skalierbares Webportal zur Rationalisierung von Abl\u00e4ufen oder eine leistungsstarke Desktop-Anwendung f\u00fcr den internen Gebrauch ben\u00f6tigen, unser Team entwickelt L\u00f6sungen, die sich perfekt an Ihr Unternehmen anpassen. Wir nutzen die Leistungsf\u00e4higkeit von .NET, um sicherzustellen, dass Ihre Anwendung sicher, zuverl\u00e4ssig und perfekt in Ihre bestehenden Systeme integriert ist.<\/p>\n\n\n\n<h3 class=\"wp-block-heading\"><strong><strong>Warum eine ma\u00dfgeschneiderte .NET-Anwendung w\u00e4hlen?<\/strong><\/strong><\/h3>\n\n\n\n<ul class=\"wp-block-list\">\n<li><strong>Nahtlose Integration:<\/strong> .NET-Anwendungen lassen sich perfekt in andere Microsoft-Produkte und -Dienste integrieren und schaffen so ein einheitliches und effizientes \u00d6kosystem.<\/li>\n\n\n\n<li><strong>Skalierbarkeit und Leistung:<\/strong> Unsere Anwendungen sind f\u00fcr Wachstum konzipiert und k\u00f6nnen sich mit Ihrem Unternehmen erweitern, wobei sie Geschwindigkeit und Leistung auch dann aufrechterhalten, wenn Ihre Benutzerbasis und Daten wachsen.<\/li>\n\n\n\n<li><strong>Verbesserte Sicherheit:<\/strong> Das .NET-Framework enth\u00e4lt integrierte Sicherheitsfunktionen, die Ihre Daten sch\u00fctzen und Ihnen Seelenfrieden geben.<\/li>\n\n\n\n<li><strong>Benutzerdefinierte Funktionalit\u00e4t:<\/strong> Wir entwickeln Funktionen und Arbeitsabl\u00e4ufe, die einzigartig f\u00fcr Ihr Unternehmen sind, Prozesse automatisieren und Probleme l\u00f6sen, die vorgefertigte Software nicht l\u00f6sen kann.<\/li>\n<\/ul>\n\n\n\n<p>Sind Sie bereit, eine L\u00f6sung zu entwickeln, die exklusiv f\u00fcr Sie funktioniert? <strong>Kontaktieren Sie uns noch heute, um Ihr Projekt zu besprechen<\/strong>.<\/p>\n\n\n\n<p><\/p>\n","protected":false},"excerpt":{"rendered":"<p>In einer Welt voller generischer Software kann eine ma\u00dfgeschneiderte L\u00f6sung der Schl\u00fcssel sein, um das volle Potenzial Ihres Unternehmens auszusch\u00f6pfen. Bei UnEx sind wir darauf spezialisiert, leistungsstarke, ma\u00dfgeschneiderte Web- und Desktop-Anwendungen mit dem robusten und vielseitigen .NET-Framework zu erstellen. Egal, ob Sie ein skalierbares Webportal zur Rationalisierung von Abl\u00e4ufen oder eine leistungsstarke Desktop-Anwendung f\u00fcr den &hellip; <\/p>\n<p class=\"link-more\"><a href=\"https:\/\/unex.global\/de\/webdesktop\/\" class=\"more-link\"><span class=\"screen-reader-text\">\u201eVerbessern Sie Ihr Gesch\u00e4ft mit benutzerdefinierten .NET Web- und Desktop-Anwendungen\u201c<\/span> weiterlesen<\/a><\/p>\n","protected":false},"author":1,"featured_media":114,"parent":0,"menu_order":0,"comment_status":"closed","ping_status":"closed","template":"","meta":{"_monsterinsights_skip_tracking":false,"_monsterinsights_sitenote_active":false,"_monsterinsights_sitenote_note":"","_monsterinsights_sitenote_category":0,"footnotes":""},"class_list":["post-82","page","type-page","status-publish","has-post-thumbnail","hentry"],"yoast_head":"<!-- This site is optimized with the Yoast SEO plugin v25.8 - https:\/\/yoast.com\/wordpress\/plugins\/seo\/ -->\n<title>Verbessern Sie Ihr Gesch\u00e4ft mit benutzerdefinierten .NET Web- und Desktop-Anwendungen<\/title>\n<meta name=\"robots\" content=\"index, follow, max-snippet:-1, max-image-preview:large, max-video-preview:-1\" \/>\n<link rel=\"canonical\" href=\"https:\/\/unex.global\/de\/webdesktop\/\" \/>\n<meta property=\"og:locale\" content=\"de_DE\" \/>\n<meta property=\"og:locale:alternate\" content=\"en_US\" \/>\n<meta property=\"og:locale:alternate\" content=\"es_es\" \/>\n<meta property=\"og:type\" content=\"article\" \/>\n<meta property=\"og:title\" content=\"Verbessern Sie Ihr Gesch\u00e4ft mit benutzerdefinierten .NET Web- und Desktop-Anwendungen\" \/>\n<meta property=\"og:description\" content=\"In einer Welt voller generischer Software kann eine ma\u00dfgeschneiderte L\u00f6sung der Schl\u00fcssel sein, um das volle Potenzial Ihres Unternehmens auszusch\u00f6pfen. Bei UnEx sind wir darauf spezialisiert, leistungsstarke, ma\u00dfgeschneiderte Web- und Desktop-Anwendungen mit dem robusten und vielseitigen .NET-Framework zu erstellen. Egal, ob Sie ein skalierbares Webportal zur Rationalisierung von Abl\u00e4ufen oder eine leistungsstarke Desktop-Anwendung f\u00fcr den &hellip; \u201eVerbessern Sie Ihr Gesch\u00e4ft mit benutzerdefinierten .NET Web- und Desktop-Anwendungen\u201c weiterlesen\" \/>\n<meta property=\"og:url\" content=\"https:\/\/unex.global\/de\/webdesktop\/\" \/>\n<meta property=\"og:site_name\" content=\"UnEx.global\" \/>\n<meta property=\"article:modified_time\" content=\"2025-08-30T04:43:38+00:00\" \/>\n<meta property=\"og:image\" content=\"https:\/\/unex.global\/wp-content\/uploads\/2025\/08\/WordPressUnexWebDesktop.png\" \/>\n\t<meta property=\"og:image:width\" content=\"2000\" \/>\n\t<meta property=\"og:image:height\" content=\"1200\" \/>\n\t<meta property=\"og:image:type\" content=\"image\/png\" \/>\n<meta name=\"twitter:card\" content=\"summary_large_image\" \/>\n<meta name=\"twitter:label1\" content=\"Gesch\u00e4tzte Lesezeit\" \/>\n\t<meta name=\"twitter:data1\" content=\"2\u00a0Minuten\" \/>\n<script type=\"application\/ld+json\" class=\"yoast-schema-graph\">{\"@context\":\"https:\/\/schema.org\",\"@graph\":[{\"@type\":\"WebPage\",\"@id\":\"https:\/\/unex.global\/de\/webdesktop\/\",\"url\":\"https:\/\/unex.global\/de\/webdesktop\/\",\"name\":\"Verbessern Sie Ihr Gesch\u00e4ft mit benutzerdefinierten .NET Web- und Desktop-Anwendungen\",\"isPartOf\":{\"@id\":\"https:\/\/unex.global\/#website\"},\"primaryImageOfPage\":{\"@id\":\"https:\/\/unex.global\/de\/webdesktop\/#primaryimage\"},\"image\":{\"@id\":\"https:\/\/unex.global\/de\/webdesktop\/#primaryimage\"},\"thumbnailUrl\":\"https:\/\/unex.global\/wp-content\/uploads\/2025\/08\/WordPressUnexWebDesktop.png\",\"datePublished\":\"2025-08-23T12:49:24+00:00\",\"dateModified\":\"2025-08-30T04:43:38+00:00\",\"breadcrumb\":{\"@id\":\"https:\/\/unex.global\/de\/webdesktop\/#breadcrumb\"},\"inLanguage\":\"de-DE\",\"potentialAction\":[{\"@type\":\"ReadAction\",\"target\":[\"https:\/\/unex.global\/de\/webdesktop\/\"]}]},{\"@type\":\"ImageObject\",\"inLanguage\":\"de-DE\",\"@id\":\"https:\/\/unex.global\/de\/webdesktop\/#primaryimage\",\"url\":\"https:\/\/unex.global\/wp-content\/uploads\/2025\/08\/WordPressUnexWebDesktop.png\",\"contentUrl\":\"https:\/\/unex.global\/wp-content\/uploads\/2025\/08\/WordPressUnexWebDesktop.png\",\"width\":2000,\"height\":1200},{\"@type\":\"BreadcrumbList\",\"@id\":\"https:\/\/unex.global\/de\/webdesktop\/#breadcrumb\",\"itemListElement\":[{\"@type\":\"ListItem\",\"position\":1,\"name\":\"Home\",\"item\":\"https:\/\/unex.global\/de\/\"},{\"@type\":\"ListItem\",\"position\":2,\"name\":\"Verbessern Sie Ihr Gesch\u00e4ft mit benutzerdefinierten .NET Web- und Desktop-Anwendungen\"}]},{\"@type\":\"WebSite\",\"@id\":\"https:\/\/unex.global\/#website\",\"url\":\"https:\/\/unex.global\/\",\"name\":\"UnEx.global\",\"description\":\"\",\"potentialAction\":[{\"@type\":\"SearchAction\",\"target\":{\"@type\":\"EntryPoint\",\"urlTemplate\":\"https:\/\/unex.global\/?s={search_term_string}\"},\"query-input\":{\"@type\":\"PropertyValueSpecification\",\"valueRequired\":true,\"valueName\":\"search_term_string\"}}],\"inLanguage\":\"de-DE\"}]}<\/script>\n<!-- \/ Yoast SEO plugin. -->","yoast_head_json":{"title":"Verbessern Sie Ihr Gesch\u00e4ft mit benutzerdefinierten .NET Web- und Desktop-Anwendungen","robots":{"index":"index","follow":"follow","max-snippet":"max-snippet:-1","max-image-preview":"max-image-preview:large","max-video-preview":"max-video-preview:-1"},"canonical":"https:\/\/unex.global\/de\/webdesktop\/","og_locale":"de_DE","og_type":"article","og_title":"[:en]Elevate Your Business with Custom .NET Web & Desktop Applications[:es]Eleve su negocio con aplicaciones web y de escritorio .NET personalizadas[:de]Verbessern Sie Ihr Gesch\u00e4ft mit benutzerdefinierten .NET Web- und Desktop-Anwendungen[:] - UnEx.global","og_description":"In einer Welt voller generischer Software kann eine ma\u00dfgeschneiderte L\u00f6sung der Schl\u00fcssel sein, um das volle Potenzial Ihres Unternehmens auszusch\u00f6pfen. Bei UnEx sind wir darauf spezialisiert, leistungsstarke, ma\u00dfgeschneiderte Web- und Desktop-Anwendungen mit dem robusten und vielseitigen .NET-Framework zu erstellen. Egal, ob Sie ein skalierbares Webportal zur Rationalisierung von Abl\u00e4ufen oder eine leistungsstarke Desktop-Anwendung f\u00fcr den &hellip; \u201eVerbessern Sie Ihr Gesch\u00e4ft mit benutzerdefinierten .NET Web- und Desktop-Anwendungen\u201c weiterlesen","og_url":"https:\/\/unex.global\/de\/webdesktop\/","og_site_name":"UnEx.global","article_modified_time":"2025-08-30T04:43:38+00:00","og_image":[{"width":2000,"height":1200,"url":"https:\/\/unex.global\/wp-content\/uploads\/2025\/08\/WordPressUnexWebDesktop.png","type":"image\/png"}],"twitter_card":"summary_large_image","twitter_misc":{"Gesch\u00e4tzte Lesezeit":"2\u00a0Minuten"},"schema":{"@context":"https:\/\/schema.org","@graph":[{"@type":"WebPage","@id":"https:\/\/unex.global\/de\/webdesktop\/","url":"https:\/\/unex.global\/de\/webdesktop\/","name":"Verbessern Sie Ihr Gesch\u00e4ft mit benutzerdefinierten .NET Web- und Desktop-Anwendungen","isPartOf":{"@id":"https:\/\/unex.global\/#website"},"primaryImageOfPage":{"@id":"https:\/\/unex.global\/de\/webdesktop\/#primaryimage"},"image":{"@id":"https:\/\/unex.global\/de\/webdesktop\/#primaryimage"},"thumbnailUrl":"https:\/\/unex.global\/wp-content\/uploads\/2025\/08\/WordPressUnexWebDesktop.png","datePublished":"2025-08-23T12:49:24+00:00","dateModified":"2025-08-30T04:43:38+00:00","breadcrumb":{"@id":"https:\/\/unex.global\/de\/webdesktop\/#breadcrumb"},"inLanguage":"de-DE","potentialAction":[{"@type":"ReadAction","target":["https:\/\/unex.global\/de\/webdesktop\/"]}]},{"@type":"ImageObject","inLanguage":"de-DE","@id":"https:\/\/unex.global\/de\/webdesktop\/#primaryimage","url":"https:\/\/unex.global\/wp-content\/uploads\/2025\/08\/WordPressUnexWebDesktop.png","contentUrl":"https:\/\/unex.global\/wp-content\/uploads\/2025\/08\/WordPressUnexWebDesktop.png","width":2000,"height":1200},{"@type":"BreadcrumbList","@id":"https:\/\/unex.global\/de\/webdesktop\/#breadcrumb","itemListElement":[{"@type":"ListItem","position":1,"name":"Home","item":"https:\/\/unex.global\/de\/"},{"@type":"ListItem","position":2,"name":"Verbessern Sie Ihr Gesch\u00e4ft mit benutzerdefinierten .NET Web- und Desktop-Anwendungen"}]},{"@type":"WebSite","@id":"https:\/\/unex.global\/#website","url":"https:\/\/unex.global\/","name":"UnEx.global","description":"","potentialAction":[{"@type":"SearchAction","target":{"@type":"EntryPoint","urlTemplate":"https:\/\/unex.global\/?s={search_term_string}"},"query-input":{"@type":"PropertyValueSpecification","valueRequired":true,"valueName":"search_term_string"}}],"inLanguage":"de-DE"}]}},"_links":{"self":[{"href":"https:\/\/unex.global\/de\/wp-json\/wp\/v2\/pages\/82","targetHints":{"allow":["GET"]}}],"collection":[{"href":"https:\/\/unex.global\/de\/wp-json\/wp\/v2\/pages"}],"about":[{"href":"https:\/\/unex.global\/de\/wp-json\/wp\/v2\/types\/page"}],"author":[{"embeddable":true,"href":"https:\/\/unex.global\/de\/wp-json\/wp\/v2\/users\/1"}],"replies":[{"embeddable":true,"href":"https:\/\/unex.global\/de\/wp-json\/wp\/v2\/comments?post=82"}],"version-history":[{"count":6,"href":"https:\/\/unex.global\/de\/wp-json\/wp\/v2\/pages\/82\/revisions"}],"predecessor-version":[{"id":139,"href":"https:\/\/unex.global\/de\/wp-json\/wp\/v2\/pages\/82\/revisions\/139"}],"wp:featuredmedia":[{"embeddable":true,"href":"https:\/\/unex.global\/de\/wp-json\/wp\/v2\/media\/114"}],"wp:attachment":[{"href":"https:\/\/unex.global\/de\/wp-json\/wp\/v2\/media?parent=82"}],"curies":[{"name":"wp","href":"https:\/\/api.w.org\/{rel}","templated":true}]}}