{"id":72,"date":"2025-08-23T13:58:00","date_gmt":"2025-08-23T11:58:00","guid":{"rendered":"https:\/\/unex.global\/?page_id=72"},"modified":"2025-08-30T09:38:56","modified_gmt":"2025-08-30T07:38:56","slug":"android","status":"publish","type":"page","link":"https:\/\/unex.global\/de\/android\/","title":{"rendered":"Verwirklichen Sie Ihre Vision mit einer ma\u00dfgeschneiderten Android-App"},"content":{"rendered":"\n<p>In der heutigen schnelllebigen digitalen Welt reicht eine Einheitsl\u00f6sung einfach nicht aus. Ihr Unternehmen ist einzigartig, und Ihre mobile Pr\u00e4senz sollte es auch sein. Bei <strong>UnEx <\/strong>sind wir darauf spezialisiert, ma\u00dfgeschneiderte Android-Anwendungen zu entwickeln, die von Grund auf so konzipiert sind, dass sie Ihre spezifischen Bed\u00fcrfnisse und Ziele erf\u00fcllen.<\/p>\n\n\n\n<p>Wir gehen \u00fcber generische Vorlagen hinaus, um eine leistungsstarke, intuitive App zu liefern, die Ihre Kunden lieben werden. Unser ma\u00dfgeschneiderter Ansatz stellt sicher, dass Ihre App nicht nur gro\u00dfartig aussieht, sondern auch eine nahtlose Benutzererfahrung bietet, Ihre Marke st\u00e4rkt und Ihnen einen Wettbewerbsvorteil verschafft.<\/p>\n\n\n\n<p><strong><strong>Unser Ansatz f\u00fcr ma\u00dfgeschneiderte Entwicklung<\/strong><\/strong><\/p>\n\n\n\n<p>Wir glauben an einen kollaborativen Prozess. Wir arbeiten von der Konzeption bis zur Markteinf\u00fchrung eng mit Ihnen zusammen, um sicherzustellen, dass das Endprodukt genau das ist, was Sie sich vorgestellt haben.<\/p>\n\n\n\n<ul class=\"wp-block-list\">\n<li><strong>Entdeckung und Strategie:<\/strong> Wir beginnen damit, Ihr Unternehmen, Ihre Zielgruppe und Ihre Vision zu verstehen. Dies hilft uns, den Kernzweck und die Funktionalit\u00e4t der App zu definieren.<\/li>\n\n\n\n<li><strong>Design und Benutzererfahrung (UX):<\/strong> Unsere Designer entwerfen eine benutzerfreundliche und optisch ansprechende Benutzeroberfl\u00e4che, die Ihre Markenidentit\u00e4t widerspiegelt.<\/li>\n\n\n\n<li><strong>Entwicklung und Tests:<\/strong> Unsere erfahrenen Entwickler nutzen die neuesten Technologien, um eine robuste und zuverl\u00e4ssige App zu erstellen. Wir f\u00fchren umfangreiche Tests durch, um sicherzustellen, dass sie fehlerfrei ist und perfekt funktioniert.<\/li>\n\n\n\n<li><strong>Markteinf\u00fchrung und Support:<\/strong> Wir begleiten Sie durch den Prozess der Ver\u00f6ffentlichung Ihrer App im Google Play Store und bieten fortlaufenden Support, um sie auf dem neuesten Stand zu halten und einen reibungslosen Betrieb zu gew\u00e4hrleisten.<\/li>\n<\/ul>\n\n\n\n<p>Sind Sie bereit, Ihre Idee in eine erfolgreiche App zu verwandeln? <strong>Kontaktieren Sie uns noch heute f\u00fcr ein Beratungsgespr\u00e4ch.<\/strong><\/p>\n\n\n\n<p><\/p>\n","protected":false},"excerpt":{"rendered":"<p>In der heutigen schnelllebigen digitalen Welt reicht eine Einheitsl\u00f6sung einfach nicht aus. Ihr Unternehmen ist einzigartig, und Ihre mobile Pr\u00e4senz sollte es auch sein. Bei UnEx sind wir darauf spezialisiert, ma\u00dfgeschneiderte Android-Anwendungen zu entwickeln, die von Grund auf so konzipiert sind, dass sie Ihre spezifischen Bed\u00fcrfnisse und Ziele erf\u00fcllen. Wir gehen \u00fcber generische Vorlagen hinaus, &hellip; <\/p>\n<p class=\"link-more\"><a href=\"https:\/\/unex.global\/de\/android\/\" class=\"more-link\"><span class=\"screen-reader-text\">\u201eVerwirklichen Sie Ihre Vision mit einer ma\u00dfgeschneiderten Android-App\u201c<\/span> weiterlesen<\/a><\/p>\n","protected":false},"author":1,"featured_media":112,"parent":0,"menu_order":0,"comment_status":"closed","ping_status":"closed","template":"","meta":{"_monsterinsights_skip_tracking":false,"_monsterinsights_sitenote_active":false,"_monsterinsights_sitenote_note":"","_monsterinsights_sitenote_category":0,"footnotes":""},"class_list":["post-72","page","type-page","status-publish","has-post-thumbnail","hentry"],"yoast_head":"<!-- This site is optimized with the Yoast SEO plugin v25.8 - https:\/\/yoast.com\/wordpress\/plugins\/seo\/ -->\n<title>Verwirklichen Sie Ihre Vision mit einer ma\u00dfgeschneiderten Android-App<\/title>\n<meta name=\"robots\" content=\"index, follow, max-snippet:-1, max-image-preview:large, max-video-preview:-1\" \/>\n<link rel=\"canonical\" href=\"https:\/\/unex.global\/de\/android\/\" \/>\n<meta property=\"og:locale\" content=\"de_DE\" \/>\n<meta property=\"og:locale:alternate\" content=\"en_US\" \/>\n<meta property=\"og:locale:alternate\" content=\"es_es\" \/>\n<meta property=\"og:type\" content=\"article\" \/>\n<meta property=\"og:title\" content=\"Verwirklichen Sie Ihre Vision mit einer ma\u00dfgeschneiderten Android-App\" \/>\n<meta property=\"og:description\" content=\"In der heutigen schnelllebigen digitalen Welt reicht eine Einheitsl\u00f6sung einfach nicht aus. Ihr Unternehmen ist einzigartig, und Ihre mobile Pr\u00e4senz sollte es auch sein. Bei UnEx sind wir darauf spezialisiert, ma\u00dfgeschneiderte Android-Anwendungen zu entwickeln, die von Grund auf so konzipiert sind, dass sie Ihre spezifischen Bed\u00fcrfnisse und Ziele erf\u00fcllen. Wir gehen \u00fcber generische Vorlagen hinaus, &hellip; \u201eVerwirklichen Sie Ihre Vision mit einer ma\u00dfgeschneiderten Android-App\u201c weiterlesen\" \/>\n<meta property=\"og:url\" content=\"https:\/\/unex.global\/de\/android\/\" \/>\n<meta property=\"og:site_name\" content=\"UnEx.global\" \/>\n<meta property=\"article:modified_time\" content=\"2025-08-30T07:38:56+00:00\" \/>\n<meta property=\"og:image\" content=\"https:\/\/unex.global\/wp-content\/uploads\/2025\/08\/WordPressUnexAndroid.png\" \/>\n\t<meta property=\"og:image:width\" content=\"2000\" \/>\n\t<meta property=\"og:image:height\" content=\"1200\" \/>\n\t<meta property=\"og:image:type\" content=\"image\/png\" \/>\n<meta name=\"twitter:card\" content=\"summary_large_image\" \/>\n<meta name=\"twitter:label1\" content=\"Gesch\u00e4tzte Lesezeit\" \/>\n\t<meta name=\"twitter:data1\" content=\"2\u00a0Minuten\" \/>\n<script type=\"application\/ld+json\" class=\"yoast-schema-graph\">{\"@context\":\"https:\/\/schema.org\",\"@graph\":[{\"@type\":\"WebPage\",\"@id\":\"https:\/\/unex.global\/android\/\",\"url\":\"https:\/\/unex.global\/android\/\",\"name\":\"Verwirklichen Sie Ihre Vision mit einer ma\u00dfgeschneiderten Android-App\",\"isPartOf\":{\"@id\":\"https:\/\/unex.global\/#website\"},\"primaryImageOfPage\":{\"@id\":\"https:\/\/unex.global\/android\/#primaryimage\"},\"image\":{\"@id\":\"https:\/\/unex.global\/android\/#primaryimage\"},\"thumbnailUrl\":\"https:\/\/unex.global\/wp-content\/uploads\/2025\/08\/WordPressUnexAndroid.png\",\"datePublished\":\"2025-08-23T11:58:00+00:00\",\"dateModified\":\"2025-08-30T07:38:56+00:00\",\"breadcrumb\":{\"@id\":\"https:\/\/unex.global\/android\/#breadcrumb\"},\"inLanguage\":\"de-DE\",\"potentialAction\":[{\"@type\":\"ReadAction\",\"target\":[\"https:\/\/unex.global\/android\/\"]}]},{\"@type\":\"ImageObject\",\"inLanguage\":\"de-DE\",\"@id\":\"https:\/\/unex.global\/android\/#primaryimage\",\"url\":\"https:\/\/unex.global\/wp-content\/uploads\/2025\/08\/WordPressUnexAndroid.png\",\"contentUrl\":\"https:\/\/unex.global\/wp-content\/uploads\/2025\/08\/WordPressUnexAndroid.png\",\"width\":2000,\"height\":1200},{\"@type\":\"BreadcrumbList\",\"@id\":\"https:\/\/unex.global\/android\/#breadcrumb\",\"itemListElement\":[{\"@type\":\"ListItem\",\"position\":1,\"name\":\"Home\",\"item\":\"https:\/\/unex.global\/de\/\"},{\"@type\":\"ListItem\",\"position\":2,\"name\":\"Bring Your Vision to Life with a Custom Android App\"}]},{\"@type\":\"WebSite\",\"@id\":\"https:\/\/unex.global\/#website\",\"url\":\"https:\/\/unex.global\/\",\"name\":\"UnEx.global\",\"description\":\"\",\"potentialAction\":[{\"@type\":\"SearchAction\",\"target\":{\"@type\":\"EntryPoint\",\"urlTemplate\":\"https:\/\/unex.global\/?s={search_term_string}\"},\"query-input\":{\"@type\":\"PropertyValueSpecification\",\"valueRequired\":true,\"valueName\":\"search_term_string\"}}],\"inLanguage\":\"de-DE\"}]}<\/script>\n<!-- \/ Yoast SEO plugin. -->","yoast_head_json":{"title":"Verwirklichen Sie Ihre Vision mit einer ma\u00dfgeschneiderten Android-App","robots":{"index":"index","follow":"follow","max-snippet":"max-snippet:-1","max-image-preview":"max-image-preview:large","max-video-preview":"max-video-preview:-1"},"canonical":"https:\/\/unex.global\/de\/android\/","og_locale":"de_DE","og_type":"article","og_title":"[:en]Bring Your Vision to Life with a Custom Android App[:es]D\u00e9 vida a su visi\u00f3n con una aplicaci\u00f3n Android personalizada[:de]Verwirklichen Sie Ihre Vision mit einer ma\u00dfgeschneiderten Android-App[:] - UnEx.global","og_description":"In der heutigen schnelllebigen digitalen Welt reicht eine Einheitsl\u00f6sung einfach nicht aus. Ihr Unternehmen ist einzigartig, und Ihre mobile Pr\u00e4senz sollte es auch sein. Bei UnEx sind wir darauf spezialisiert, ma\u00dfgeschneiderte Android-Anwendungen zu entwickeln, die von Grund auf so konzipiert sind, dass sie Ihre spezifischen Bed\u00fcrfnisse und Ziele erf\u00fcllen. Wir gehen \u00fcber generische Vorlagen hinaus, &hellip; \u201eVerwirklichen Sie Ihre Vision mit einer ma\u00dfgeschneiderten Android-App\u201c weiterlesen","og_url":"https:\/\/unex.global\/de\/android\/","og_site_name":"UnEx.global","article_modified_time":"2025-08-30T07:38:56+00:00","og_image":[{"width":2000,"height":1200,"url":"https:\/\/unex.global\/wp-content\/uploads\/2025\/08\/WordPressUnexAndroid.png","type":"image\/png"}],"twitter_card":"summary_large_image","twitter_misc":{"Gesch\u00e4tzte Lesezeit":"2\u00a0Minuten"},"schema":{"@context":"https:\/\/schema.org","@graph":[{"@type":"WebPage","@id":"https:\/\/unex.global\/android\/","url":"https:\/\/unex.global\/android\/","name":"Verwirklichen Sie Ihre Vision mit einer ma\u00dfgeschneiderten Android-App","isPartOf":{"@id":"https:\/\/unex.global\/#website"},"primaryImageOfPage":{"@id":"https:\/\/unex.global\/android\/#primaryimage"},"image":{"@id":"https:\/\/unex.global\/android\/#primaryimage"},"thumbnailUrl":"https:\/\/unex.global\/wp-content\/uploads\/2025\/08\/WordPressUnexAndroid.png","datePublished":"2025-08-23T11:58:00+00:00","dateModified":"2025-08-30T07:38:56+00:00","breadcrumb":{"@id":"https:\/\/unex.global\/android\/#breadcrumb"},"inLanguage":"de-DE","potentialAction":[{"@type":"ReadAction","target":["https:\/\/unex.global\/android\/"]}]},{"@type":"ImageObject","inLanguage":"de-DE","@id":"https:\/\/unex.global\/android\/#primaryimage","url":"https:\/\/unex.global\/wp-content\/uploads\/2025\/08\/WordPressUnexAndroid.png","contentUrl":"https:\/\/unex.global\/wp-content\/uploads\/2025\/08\/WordPressUnexAndroid.png","width":2000,"height":1200},{"@type":"BreadcrumbList","@id":"https:\/\/unex.global\/android\/#breadcrumb","itemListElement":[{"@type":"ListItem","position":1,"name":"Home","item":"https:\/\/unex.global\/de\/"},{"@type":"ListItem","position":2,"name":"Bring Your Vision to Life with a Custom Android App"}]},{"@type":"WebSite","@id":"https:\/\/unex.global\/#website","url":"https:\/\/unex.global\/","name":"UnEx.global","description":"","potentialAction":[{"@type":"SearchAction","target":{"@type":"EntryPoint","urlTemplate":"https:\/\/unex.global\/?s={search_term_string}"},"query-input":{"@type":"PropertyValueSpecification","valueRequired":true,"valueName":"search_term_string"}}],"inLanguage":"de-DE"}]}},"_links":{"self":[{"href":"https:\/\/unex.global\/de\/wp-json\/wp\/v2\/pages\/72","targetHints":{"allow":["GET"]}}],"collection":[{"href":"https:\/\/unex.global\/de\/wp-json\/wp\/v2\/pages"}],"about":[{"href":"https:\/\/unex.global\/de\/wp-json\/wp\/v2\/types\/page"}],"author":[{"embeddable":true,"href":"https:\/\/unex.global\/de\/wp-json\/wp\/v2\/users\/1"}],"replies":[{"embeddable":true,"href":"https:\/\/unex.global\/de\/wp-json\/wp\/v2\/comments?post=72"}],"version-history":[{"count":6,"href":"https:\/\/unex.global\/de\/wp-json\/wp\/v2\/pages\/72\/revisions"}],"predecessor-version":[{"id":153,"href":"https:\/\/unex.global\/de\/wp-json\/wp\/v2\/pages\/72\/revisions\/153"}],"wp:featuredmedia":[{"embeddable":true,"href":"https:\/\/unex.global\/de\/wp-json\/wp\/v2\/media\/112"}],"wp:attachment":[{"href":"https:\/\/unex.global\/de\/wp-json\/wp\/v2\/media?parent=72"}],"curies":[{"name":"wp","href":"https:\/\/api.w.org\/{rel}","templated":true}]}}